{"id":2166,"date":"2021-04-12T11:12:43","date_gmt":"2021-04-12T10:12:43","guid":{"rendered":"https:\/\/www.cikom.com\/?page_id=2166"},"modified":"2025-05-07T08:39:20","modified_gmt":"2025-05-07T07:39:20","slug":"novosti","status":"publish","type":"page","link":"https:\/\/www.cikom.com\/en\/novosti\/","title":{"rendered":"News"},"content":{"rendered":"<div data-elementor-type=\"wp-page\" data-elementor-id=\"2166\" class=\"elementor elementor-2166\" data-elementor-post-type=\"page\">\n\t\t\t\t\t\t<section class=\"elementor-section elementor-top-section elementor-element elementor-element-c443f01 elementor-section-boxed elementor-section-height-default elementor-section-height-default\" data-id=\"c443f01\" data-element_type=\"section\" data-e-type=\"section\">\n\t\t\t\t\t\t<div class=\"elementor-container elementor-column-gap-default\">\n\t\t\t\t\t<div class=\"elementor-column elementor-col-100 elementor-top-column elementor-element elementor-element-e567d9a\" data-id=\"e567d9a\" data-element_type=\"column\" data-e-type=\"column\">\n\t\t\t<div class=\"elementor-widget-wrap elementor-element-populated\">\n\t\t\t\t\t\t<div class=\"elementor-element elementor-element-53571bf elementor-grid-3 elementor-grid-tablet-2 elementor-grid-mobile-1 elementor-posts--thumbnail-top elementor-card-shadow-yes elementor-posts__hover-gradient elementor-widget elementor-widget-posts\" data-id=\"53571bf\" data-element_type=\"widget\" data-e-type=\"widget\" data-settings=\"{&quot;pagination_type&quot;:&quot;numbers&quot;,&quot;cards_columns&quot;:&quot;3&quot;,&quot;cards_columns_tablet&quot;:&quot;2&quot;,&quot;cards_columns_mobile&quot;:&quot;1&quot;,&quot;cards_row_gap&quot;:{&quot;unit&quot;:&quot;px&quot;,&quot;size&quot;:35,&quot;sizes&quot;:[]},&quot;cards_row_gap_tablet&quot;:{&quot;unit&quot;:&quot;px&quot;,&quot;size&quot;:&quot;&quot;,&quot;sizes&quot;:[]},&quot;cards_row_gap_mobile&quot;:{&quot;unit&quot;:&quot;px&quot;,&quot;size&quot;:&quot;&quot;,&quot;sizes&quot;:[]}}\" data-widget_type=\"posts.cards\">\n\t\t\t\t<div class=\"elementor-widget-container\">\n\t\t\t\t\t\t\t<div class=\"elementor-posts-container elementor-posts elementor-posts--skin-cards elementor-grid\" role=\"list\">\n\t\t\t\t<article class=\"elementor-post elementor-grid-item post-3279 post type-post status-publish format-standard has-post-thumbnail hentry category-novosti\" role=\"listitem\">\n\t\t\t<div class=\"elementor-post__card\">\n\t\t\t\t<a class=\"elementor-post__thumbnail__link\" href=\"https:\/\/www.cikom.com\/en\/kriticna-infrastruktura-kao-instrument-meke-moci\/\" tabindex=\"-1\" ><div class=\"elementor-post__thumbnail\"><img fetchpriority=\"high\" decoding=\"async\" width=\"682\" height=\"1024\" src=\"https:\/\/www.cikom.com\/wp-content\/uploads\/2025\/09\/cybersecurity_crna_gora5-682x1024.jpg\" class=\"attachment-large size-large wp-image-3281\" alt=\"\" srcset=\"https:\/\/www.cikom.com\/wp-content\/uploads\/2025\/09\/cybersecurity_crna_gora5-682x1024.jpg 682w, https:\/\/www.cikom.com\/wp-content\/uploads\/2025\/09\/cybersecurity_crna_gora5-200x300.jpg 200w, https:\/\/www.cikom.com\/wp-content\/uploads\/2025\/09\/cybersecurity_crna_gora5-768x1152.jpg 768w, https:\/\/www.cikom.com\/wp-content\/uploads\/2025\/09\/cybersecurity_crna_gora5-8x12.jpg 8w, https:\/\/www.cikom.com\/wp-content\/uploads\/2025\/09\/cybersecurity_crna_gora5.jpg 987w\" sizes=\"(max-width: 682px) 100vw, 682px\" \/><\/div><\/a>\n\t\t\t\t<div class=\"elementor-post__text\">\n\t\t\t\t<h3 class=\"elementor-post__title\">\n\t\t\t<a href=\"https:\/\/www.cikom.com\/en\/kriticna-infrastruktura-kao-instrument-meke-moci\/\" >\n\t\t\t\tKriti\u010dna infrastruktura kao instrument meke mo\u0107i\t\t\t<\/a>\n\t\t<\/h3>\n\t\t\t\t<div class=\"elementor-post__excerpt\">\n\t\t\t<p>\ud83d\udd35 Kriti\u010dna infrastruktura kao instrument meke mo\u0107i U vremenu kada se nacionalna i regionalna bezbjednost sve vi\u0161e suo\u010davaju sa sajber prijetnjama, hibridnim napadima i prirodnim<\/p>\n\t\t<\/div>\n\t\t\n\t\t<a class=\"elementor-post__read-more\" href=\"https:\/\/www.cikom.com\/en\/kriticna-infrastruktura-kao-instrument-meke-moci\/\" aria-label=\"Read more about Kriti\u010dna infrastruktura kao instrument meke mo\u0107i\" tabindex=\"-1\" >\n\t\t\tRead more &gt;&gt;\t\t<\/a>\n\n\t\t\t\t<\/div>\n\t\t\t\t<div class=\"elementor-post__meta-data\">\n\t\t\t\t\t<span class=\"elementor-post-date\">\n\t\t\tSeptember 5, 2025\t\t<\/span>\n\t\t\t\t<\/div>\n\t\t\t\t\t<\/div>\n\t\t<\/article>\n\t\t\t\t<article class=\"elementor-post elementor-grid-item post-3228 post type-post status-publish format-standard has-post-thumbnail hentry category-novosti\" role=\"listitem\">\n\t\t\t<div class=\"elementor-post__card\">\n\t\t\t\t<a class=\"elementor-post__thumbnail__link\" href=\"https:\/\/www.cikom.com\/en\/posjeta-wb3c-i-ambasadorke-francuske\/\" tabindex=\"-1\" ><div class=\"elementor-post__thumbnail\"><img decoding=\"async\" width=\"800\" height=\"600\" src=\"https:\/\/www.cikom.com\/wp-content\/uploads\/2025\/06\/wb3c_i_ambasada_francuske_1-scaled.jpg\" class=\"attachment-large size-large wp-image-3236\" alt=\"\" srcset=\"https:\/\/www.cikom.com\/wp-content\/uploads\/2025\/06\/wb3c_i_ambasada_francuske_1-scaled.jpg 2560w, https:\/\/www.cikom.com\/wp-content\/uploads\/2025\/06\/wb3c_i_ambasada_francuske_1-300x225.jpg 300w\" sizes=\"(max-width: 800px) 100vw, 800px\" \/><\/div><\/a>\n\t\t\t\t<div class=\"elementor-post__text\">\n\t\t\t\t<h3 class=\"elementor-post__title\">\n\t\t\t<a href=\"https:\/\/www.cikom.com\/en\/posjeta-wb3c-i-ambasadorke-francuske\/\" >\n\t\t\t\tNjena ekselencija ambasadorka Francuske Anne-Marie Maskay i delegacija WB3C u posjeti \u010cikomovom Security Operations Centru: Saradnja na ja\u010danju sajber bezbjednosti u regionu\t\t\t<\/a>\n\t\t<\/h3>\n\t\t\t\t<div class=\"elementor-post__excerpt\">\n\t\t\t<p>We had the honor to host Her Excellency Anne-Marie Maskay, Ambassador of France in Montenegro, together with the WB3C (Western Balkan Cyber \u200b\u200bCapacity Center) delegation headed by<\/p>\n\t\t<\/div>\n\t\t\n\t\t<a class=\"elementor-post__read-more\" href=\"https:\/\/www.cikom.com\/en\/posjeta-wb3c-i-ambasadorke-francuske\/\" aria-label=\"Read more about Njena ekselencija ambasadorka Francuske Anne-Marie Maskay i delegacija WB3C u posjeti \u010cikomovom Security Operations Centru: Saradnja na ja\u010danju sajber bezbjednosti u regionu\" tabindex=\"-1\" >\n\t\t\tRead more &gt;&gt;\t\t<\/a>\n\n\t\t\t\t<\/div>\n\t\t\t\t<div class=\"elementor-post__meta-data\">\n\t\t\t\t\t<span class=\"elementor-post-date\">\n\t\t\tJune 12, 2025\t\t<\/span>\n\t\t\t\t<\/div>\n\t\t\t\t\t<\/div>\n\t\t<\/article>\n\t\t\t\t<article class=\"elementor-post elementor-grid-item post-3204 post type-post status-publish format-standard has-post-thumbnail hentry category-novosti\" role=\"listitem\">\n\t\t\t<div class=\"elementor-post__card\">\n\t\t\t\t<a class=\"elementor-post__thumbnail__link\" href=\"https:\/\/www.cikom.com\/en\/nato-youth-summit-2025\/\" tabindex=\"-1\" ><div class=\"elementor-post__thumbnail\"><img decoding=\"async\" width=\"800\" height=\"600\" src=\"https:\/\/www.cikom.com\/wp-content\/uploads\/2025\/04\/nato_youth_summit2-1024x768.jpg\" class=\"attachment-large size-large wp-image-3206\" alt=\"\" srcset=\"https:\/\/www.cikom.com\/wp-content\/uploads\/2025\/04\/nato_youth_summit2-1024x768.jpg 1024w, https:\/\/www.cikom.com\/wp-content\/uploads\/2025\/04\/nato_youth_summit2-300x225.jpg 300w, https:\/\/www.cikom.com\/wp-content\/uploads\/2025\/04\/nato_youth_summit2-768x576.jpg 768w, https:\/\/www.cikom.com\/wp-content\/uploads\/2025\/04\/nato_youth_summit2-1536x1152.jpg 1536w, https:\/\/www.cikom.com\/wp-content\/uploads\/2025\/04\/nato_youth_summit2-16x12.jpg 16w, https:\/\/www.cikom.com\/wp-content\/uploads\/2025\/04\/nato_youth_summit2.jpg 2000w\" sizes=\"(max-width: 800px) 100vw, 800px\" \/><\/div><\/a>\n\t\t\t\t<div class=\"elementor-post__text\">\n\t\t\t\t<h3 class=\"elementor-post__title\">\n\t\t\t<a href=\"https:\/\/www.cikom.com\/en\/nato-youth-summit-2025\/\" >\n\t\t\t\tNATO Youth Summit 2025\t\t\t<\/a>\n\t\t<\/h3>\n\t\t\t\t<div class=\"elementor-post__excerpt\">\n\t\t\t<p>\ud83d\udccd Prisustvovali smo NATO Youth Summitu 2025 u Budvi \u2013 kao ponosni korporativni partneri ovog zna\u010dajnog doga\u0111aja \ud83c\udf0d Ovaj peti po redu samit, prvi put<\/p>\n\t\t<\/div>\n\t\t\n\t\t<a class=\"elementor-post__read-more\" href=\"https:\/\/www.cikom.com\/en\/nato-youth-summit-2025\/\" aria-label=\"Read more about NATO Youth Summit 2025\" tabindex=\"-1\" >\n\t\t\tRead more &gt;&gt;\t\t<\/a>\n\n\t\t\t\t<\/div>\n\t\t\t\t<div class=\"elementor-post__meta-data\">\n\t\t\t\t\t<span class=\"elementor-post-date\">\n\t\t\tApril 26, 2025\t\t<\/span>\n\t\t\t\t<\/div>\n\t\t\t\t\t<\/div>\n\t\t<\/article>\n\t\t\t\t<article class=\"elementor-post elementor-grid-item post-3197 post type-post status-publish format-standard has-post-thumbnail hentry category-novosti\" role=\"listitem\">\n\t\t\t<div class=\"elementor-post__card\">\n\t\t\t\t<a class=\"elementor-post__thumbnail__link\" href=\"https:\/\/www.cikom.com\/en\/wro-svjetska-olimpijada-u-robotici\/\" tabindex=\"-1\" ><div class=\"elementor-post__thumbnail\"><img loading=\"lazy\" decoding=\"async\" width=\"800\" height=\"533\" src=\"https:\/\/www.cikom.com\/wp-content\/uploads\/2025\/04\/wro_takmicenje_u_robotici-1024x682.jpg\" class=\"attachment-large size-large wp-image-3198\" alt=\"\" srcset=\"https:\/\/www.cikom.com\/wp-content\/uploads\/2025\/04\/wro_takmicenje_u_robotici-1024x682.jpg 1024w, https:\/\/www.cikom.com\/wp-content\/uploads\/2025\/04\/wro_takmicenje_u_robotici-300x200.jpg 300w, https:\/\/www.cikom.com\/wp-content\/uploads\/2025\/04\/wro_takmicenje_u_robotici-768x511.jpg 768w, https:\/\/www.cikom.com\/wp-content\/uploads\/2025\/04\/wro_takmicenje_u_robotici-18x12.jpg 18w, https:\/\/www.cikom.com\/wp-content\/uploads\/2025\/04\/wro_takmicenje_u_robotici.jpg 1284w\" sizes=\"(max-width: 800px) 100vw, 800px\" \/><\/div><\/a>\n\t\t\t\t<div class=\"elementor-post__text\">\n\t\t\t\t<h3 class=\"elementor-post__title\">\n\t\t\t<a href=\"https:\/\/www.cikom.com\/en\/wro-svjetska-olimpijada-u-robotici\/\" >\n\t\t\t\tWRO &#8211; Svjetska olimpijada u robotici\t\t\t<\/a>\n\t\t<\/h3>\n\t\t\t\t<div class=\"elementor-post__excerpt\">\n\t\t\t<p>Odr\u017eano je \u0161esto dr\u017eavno takmi\u010denje Svjetske olimpijade robotike (WRO), u organizaciji Ma\u0161inskog fakulteta Univerziteta Crne Gore. Uz rekordnih 245 u\u010desnika, takmi\u010denje je napredovalo svake godine,<\/p>\n\t\t<\/div>\n\t\t\n\t\t<a class=\"elementor-post__read-more\" href=\"https:\/\/www.cikom.com\/en\/wro-svjetska-olimpijada-u-robotici\/\" aria-label=\"Read more about WRO &#8211; Svjetska olimpijada u robotici\" tabindex=\"-1\" >\n\t\t\tRead more &gt;&gt;\t\t<\/a>\n\n\t\t\t\t<\/div>\n\t\t\t\t<div class=\"elementor-post__meta-data\">\n\t\t\t\t\t<span class=\"elementor-post-date\">\n\t\t\tApril 25, 2025\t\t<\/span>\n\t\t\t\t<\/div>\n\t\t\t\t\t<\/div>\n\t\t<\/article>\n\t\t\t\t<article class=\"elementor-post elementor-grid-item post-3169 post type-post status-publish format-standard has-post-thumbnail hentry category-novosti\" role=\"listitem\">\n\t\t\t<div class=\"elementor-post__card\">\n\t\t\t\t<a class=\"elementor-post__thumbnail__link\" href=\"https:\/\/www.cikom.com\/en\/cikom-na-amb-2025\/\" tabindex=\"-1\" ><div class=\"elementor-post__thumbnail\"><img loading=\"lazy\" decoding=\"async\" width=\"800\" height=\"498\" src=\"https:\/\/www.cikom.com\/wp-content\/uploads\/2025\/04\/asocijacija_menadzera_bezbjednosti3-1024x638.jpg\" class=\"attachment-large size-large wp-image-3170\" alt=\"\" srcset=\"https:\/\/www.cikom.com\/wp-content\/uploads\/2025\/04\/asocijacija_menadzera_bezbjednosti3-1024x638.jpg 1024w, https:\/\/www.cikom.com\/wp-content\/uploads\/2025\/04\/asocijacija_menadzera_bezbjednosti3-300x187.jpg 300w, https:\/\/www.cikom.com\/wp-content\/uploads\/2025\/04\/asocijacija_menadzera_bezbjednosti3-768x479.jpg 768w, https:\/\/www.cikom.com\/wp-content\/uploads\/2025\/04\/asocijacija_menadzera_bezbjednosti3-1536x957.jpg 1536w, https:\/\/www.cikom.com\/wp-content\/uploads\/2025\/04\/asocijacija_menadzera_bezbjednosti3-18x12.jpg 18w, https:\/\/www.cikom.com\/wp-content\/uploads\/2025\/04\/asocijacija_menadzera_bezbjednosti3.jpg 2048w\" sizes=\"(max-width: 800px) 100vw, 800px\" \/><\/div><\/a>\n\t\t\t\t<div class=\"elementor-post__text\">\n\t\t\t\t<h3 class=\"elementor-post__title\">\n\t\t\t<a href=\"https:\/\/www.cikom.com\/en\/cikom-na-amb-2025\/\" >\n\t\t\t\t\u010cikom na AMB 2025\t\t\t<\/a>\n\t\t<\/h3>\n\t\t\t\t<div class=\"elementor-post__excerpt\">\n\t\t\t<p>Vratili smo se sa 2. me\u0111unarodne konferencije Asocijacije menad\u017eera bezbjednosti Crne Gore \u2013 AMB 2025, ponosni \u0161to smo bili DIJAMANTSKI SPONZOR ovog regionalnog sajber doga\u0111aja!<\/p>\n\t\t<\/div>\n\t\t\n\t\t<a class=\"elementor-post__read-more\" href=\"https:\/\/www.cikom.com\/en\/cikom-na-amb-2025\/\" aria-label=\"Read more about \u010cikom na AMB 2025\" tabindex=\"-1\" >\n\t\t\tRead more &gt;&gt;\t\t<\/a>\n\n\t\t\t\t<\/div>\n\t\t\t\t<div class=\"elementor-post__meta-data\">\n\t\t\t\t\t<span class=\"elementor-post-date\">\n\t\t\tApril 14, 2025\t\t<\/span>\n\t\t\t\t<\/div>\n\t\t\t\t\t<\/div>\n\t\t<\/article>\n\t\t\t\t<article class=\"elementor-post elementor-grid-item post-3143 post type-post status-publish format-standard has-post-thumbnail hentry category-novosti\" role=\"listitem\">\n\t\t\t<div class=\"elementor-post__card\">\n\t\t\t\t<a class=\"elementor-post__thumbnail__link\" href=\"https:\/\/www.cikom.com\/en\/cikom-dijamantski-sponzor-konferencije-amb-2025\/\" tabindex=\"-1\" ><div class=\"elementor-post__thumbnail\"><img loading=\"lazy\" decoding=\"async\" width=\"800\" height=\"502\" src=\"https:\/\/www.cikom.com\/wp-content\/uploads\/2025\/04\/konferencija_agencije_menadzera_bezbjednosti-1024x642.jpg\" class=\"attachment-large size-large wp-image-3144\" alt=\"\" srcset=\"https:\/\/www.cikom.com\/wp-content\/uploads\/2025\/04\/konferencija_agencije_menadzera_bezbjednosti-1024x642.jpg 1024w, https:\/\/www.cikom.com\/wp-content\/uploads\/2025\/04\/konferencija_agencije_menadzera_bezbjednosti-300x188.jpg 300w, https:\/\/www.cikom.com\/wp-content\/uploads\/2025\/04\/konferencija_agencije_menadzera_bezbjednosti-768x482.jpg 768w, https:\/\/www.cikom.com\/wp-content\/uploads\/2025\/04\/konferencija_agencije_menadzera_bezbjednosti-1536x963.jpg 1536w, https:\/\/www.cikom.com\/wp-content\/uploads\/2025\/04\/konferencija_agencije_menadzera_bezbjednosti-18x12.jpg 18w, https:\/\/www.cikom.com\/wp-content\/uploads\/2025\/04\/konferencija_agencije_menadzera_bezbjednosti.jpg 1920w\" sizes=\"(max-width: 800px) 100vw, 800px\" \/><\/div><\/a>\n\t\t\t\t<div class=\"elementor-post__text\">\n\t\t\t\t<h3 class=\"elementor-post__title\">\n\t\t\t<a href=\"https:\/\/www.cikom.com\/en\/cikom-dijamantski-sponzor-konferencije-amb-2025\/\" >\n\t\t\t\t\u010cikom \u2013 Diamond sponsor of AMB Conference 2025\t\t\t<\/a>\n\t\t<\/h3>\n\t\t\t\t<div class=\"elementor-post__excerpt\">\n\t\t\t<p>We are proud to be a diamond sponsor of the AMB 2025 Conference, a key regional event dedicated to security. Our colleague Ivan Stankovic will be one of the participants in the panel \"Information security:<\/p>\n\t\t<\/div>\n\t\t\n\t\t<a class=\"elementor-post__read-more\" href=\"https:\/\/www.cikom.com\/en\/cikom-dijamantski-sponzor-konferencije-amb-2025\/\" aria-label=\"Read more about \u010cikom \u2013 Dijamantski sponzor Konferencije AMB 2025\" tabindex=\"-1\" >\n\t\t\tRead more &gt;&gt;\t\t<\/a>\n\n\t\t\t\t<\/div>\n\t\t\t\t<div class=\"elementor-post__meta-data\">\n\t\t\t\t\t<span class=\"elementor-post-date\">\n\t\t\tApril 10, 2025\t\t<\/span>\n\t\t\t\t<\/div>\n\t\t\t\t\t<\/div>\n\t\t<\/article>\n\t\t\t\t<\/div>\n\t\t\n\t\t\t\t<div class=\"e-load-more-anchor\" data-page=\"1\" data-max-page=\"12\" data-next-page=\"https:\/\/www.cikom.com\/en\/wp-json\/wp\/v2\/pages\/2166\/page\/2\/\"><\/div>\n\t\t\t\t<nav class=\"elementor-pagination\" aria-label=\"Pagination\">\n\t\t\t<span aria-current=\"page\" class=\"page-numbers current\"><span class=\"elementor-screen-only\">Page<\/span>1<\/span>\n<a class=\"page-numbers\" href=\"https:\/\/www.cikom.com\/en\/wp-json\/wp\/v2\/pages\/2166\/page\/2\/\"><span class=\"elementor-screen-only\">Page<\/span>2<\/a>\n<a class=\"page-numbers\" href=\"https:\/\/www.cikom.com\/en\/wp-json\/wp\/v2\/pages\/2166\/page\/3\/\"><span class=\"elementor-screen-only\">Page<\/span>3<\/a>\n<a class=\"page-numbers\" href=\"https:\/\/www.cikom.com\/en\/wp-json\/wp\/v2\/pages\/2166\/page\/4\/\"><span class=\"elementor-screen-only\">Page<\/span>4<\/a>\n<a class=\"page-numbers\" href=\"https:\/\/www.cikom.com\/en\/wp-json\/wp\/v2\/pages\/2166\/page\/5\/\"><span class=\"elementor-screen-only\">Page<\/span>5<\/a>\n<a class=\"page-numbers\" href=\"https:\/\/www.cikom.com\/en\/wp-json\/wp\/v2\/pages\/2166\/page\/6\/\"><span class=\"elementor-screen-only\">Page<\/span>6<\/a>\n<a class=\"page-numbers\" href=\"https:\/\/www.cikom.com\/en\/wp-json\/wp\/v2\/pages\/2166\/page\/7\/\"><span class=\"elementor-screen-only\">Page<\/span>7<\/a>\n<a class=\"page-numbers\" href=\"https:\/\/www.cikom.com\/en\/wp-json\/wp\/v2\/pages\/2166\/page\/8\/\"><span class=\"elementor-screen-only\">Page<\/span>8<\/a>\n<a class=\"page-numbers\" href=\"https:\/\/www.cikom.com\/en\/wp-json\/wp\/v2\/pages\/2166\/page\/9\/\"><span class=\"elementor-screen-only\">Page<\/span>9<\/a>\n<a class=\"page-numbers\" href=\"https:\/\/www.cikom.com\/en\/wp-json\/wp\/v2\/pages\/2166\/page\/10\/\"><span class=\"elementor-screen-only\">Page<\/span>10<\/a>\n<a class=\"page-numbers\" href=\"https:\/\/www.cikom.com\/en\/wp-json\/wp\/v2\/pages\/2166\/page\/11\/\"><span class=\"elementor-screen-only\">Page<\/span>11<\/a>\n<a class=\"page-numbers\" href=\"https:\/\/www.cikom.com\/en\/wp-json\/wp\/v2\/pages\/2166\/page\/12\/\"><span class=\"elementor-screen-only\">Page<\/span>12<\/a>\t\t<\/nav>\n\t\t\t\t\t\t<\/div>\n\t\t\t\t<\/div>\n\t\t\t\t\t<\/div>\n\t\t<\/div>\n\t\t\t\t\t<\/div>\n\t\t<\/section>\n\t\t\t\t<\/div>","protected":false},"excerpt":{"rendered":"","protected":false},"author":8,"featured_media":0,"parent":0,"menu_order":0,"comment_status":"closed","ping_status":"closed","template":"elementor_header_footer","meta":{"_monsterinsights_skip_tracking":false,"_monsterinsights_sitenote_active":false,"_monsterinsights_sitenote_note":"","_monsterinsights_sitenote_category":0,"footnotes":""},"class_list":["post-2166","page","type-page","status-publish","hentry"],"_links":{"self":[{"href":"https:\/\/www.cikom.com\/en\/wp-json\/wp\/v2\/pages\/2166","targetHints":{"allow":["GET"]}}],"collection":[{"href":"https:\/\/www.cikom.com\/en\/wp-json\/wp\/v2\/pages"}],"about":[{"href":"https:\/\/www.cikom.com\/en\/wp-json\/wp\/v2\/types\/page"}],"author":[{"embeddable":true,"href":"https:\/\/www.cikom.com\/en\/wp-json\/wp\/v2\/users\/8"}],"replies":[{"embeddable":true,"href":"https:\/\/www.cikom.com\/en\/wp-json\/wp\/v2\/comments?post=2166"}],"version-history":[{"count":16,"href":"https:\/\/www.cikom.com\/en\/wp-json\/wp\/v2\/pages\/2166\/revisions"}],"predecessor-version":[{"id":3219,"href":"https:\/\/www.cikom.com\/en\/wp-json\/wp\/v2\/pages\/2166\/revisions\/3219"}],"wp:attachment":[{"href":"https:\/\/www.cikom.com\/en\/wp-json\/wp\/v2\/media?parent=2166"}],"curies":[{"name":"wp","href":"https:\/\/api.w.org\/{rel}","templated":true}]}}