{"id":208,"date":"2020-11-03T10:26:00","date_gmt":"2020-11-03T10:26:00","guid":{"rendered":"http:\/\/cikom.com\/?page_id=208"},"modified":"2025-08-13T09:21:36","modified_gmt":"2025-08-13T08:21:36","slug":"politika-ism","status":"publish","type":"page","link":"https:\/\/www.cikom.com\/en\/politika-ism\/","title":{"rendered":"Politics of ISM"},"content":{"rendered":"<div data-elementor-type=\"wp-page\" data-elementor-id=\"208\" class=\"elementor elementor-208\" data-elementor-post-type=\"page\">\n\t\t\t\t\t\t<section class=\"elementor-section elementor-top-section elementor-element elementor-element-afd6e73 elementor-section-boxed elementor-section-height-default elementor-section-height-default\" data-id=\"afd6e73\" data-element_type=\"section\" data-e-type=\"section\">\n\t\t\t\t\t\t<div class=\"elementor-container elementor-column-gap-default\">\n\t\t\t\t\t<div class=\"elementor-column elementor-col-100 elementor-top-column elementor-element elementor-element-2ca780e8\" data-id=\"2ca780e8\" data-element_type=\"column\" data-e-type=\"column\">\n\t\t\t<div class=\"elementor-widget-wrap elementor-element-populated\">\n\t\t\t\t\t\t<section class=\"elementor-section elementor-inner-section elementor-element elementor-element-35318c1b elementor-section-boxed elementor-section-height-default elementor-section-height-default\" data-id=\"35318c1b\" data-element_type=\"section\" data-e-type=\"section\">\n\t\t\t\t\t\t<div class=\"elementor-container elementor-column-gap-default\">\n\t\t\t\t\t<div class=\"elementor-column elementor-col-100 elementor-inner-column elementor-element elementor-element-1a9d0a2f\" data-id=\"1a9d0a2f\" data-element_type=\"column\" data-e-type=\"column\">\n\t\t\t<div class=\"elementor-widget-wrap elementor-element-populated\">\n\t\t\t\t\t\t<div class=\"elementor-element elementor-element-317aa39 elementor-widget elementor-widget-heading\" data-id=\"317aa39\" data-element_type=\"widget\" data-e-type=\"widget\" data-widget_type=\"heading.default\">\n\t\t\t\t<div class=\"elementor-widget-container\">\n\t\t\t\t\t<h1 class=\"elementor-heading-title elementor-size-default\">Policy of integrated system management<\/h1>\t\t\t\t<\/div>\n\t\t\t\t<\/div>\n\t\t\t\t\t<\/div>\n\t\t<\/div>\n\t\t\t\t\t<\/div>\n\t\t<\/section>\n\t\t\t\t<section class=\"elementor-section elementor-inner-section elementor-element elementor-element-21f86826 elementor-reverse-tablet elementor-reverse-mobile elementor-section-boxed elementor-section-height-default elementor-section-height-default\" data-id=\"21f86826\" data-element_type=\"section\" data-e-type=\"section\">\n\t\t\t\t\t\t<div class=\"elementor-container elementor-column-gap-default\">\n\t\t\t\t\t<div class=\"elementor-column elementor-col-50 elementor-inner-column elementor-element elementor-element-44087d30\" data-id=\"44087d30\" data-element_type=\"column\" data-e-type=\"column\" data-settings=\"{&quot;background_background&quot;:&quot;classic&quot;}\">\n\t\t\t<div class=\"elementor-widget-wrap elementor-element-populated\">\n\t\t\t\t\t<div class=\"elementor-background-overlay\"><\/div>\n\t\t\t\t\t\t<div class=\"elementor-element elementor-element-7fd10761 elementor-cta--skin-classic elementor-animated-content elementor-bg-transform elementor-bg-transform-zoom-in elementor-widget elementor-widget-call-to-action\" data-id=\"7fd10761\" data-element_type=\"widget\" data-e-type=\"widget\" data-widget_type=\"call-to-action.default\">\n\t\t\t\t<div class=\"elementor-widget-container\">\n\t\t\t\t\t\t\t<div class=\"elementor-cta\">\n\t\t\t\t\t<div class=\"elementor-cta__bg-wrapper\">\n\t\t\t\t<div class=\"elementor-cta__bg elementor-bg\" style=\"background-image: url(https:\/\/www.cikom.com\/wp-content\/uploads\/2020\/11\/ISO.jpg);\" role=\"img\" aria-label=\"ISO\"><\/div>\n\t\t\t\t<div class=\"elementor-cta__bg-overlay\"><\/div>\n\t\t\t<\/div>\n\t\t\t\t\t\t\t<div class=\"elementor-cta__content\">\n\t\t\t\t\n\t\t\t\t\t\t\t\t\t<h2 class=\"elementor-cta__title elementor-cta__content-item elementor-content-item\">\n\t\t\t\t\t\t\"By offering quality products and services we aim to achieve a high degree of satisfaction of all parties involved by meeting their demands\"\t\t\t\t\t<\/h2>\n\t\t\t\t\n\t\t\t\t\n\t\t\t\t\t\t\t<\/div>\n\t\t\t\t\t\t<\/div>\n\t\t\t\t\t\t<\/div>\n\t\t\t\t<\/div>\n\t\t\t\t\t<\/div>\n\t\t<\/div>\n\t\t\t\t<div class=\"elementor-column elementor-col-50 elementor-inner-column elementor-element elementor-element-62933267\" data-id=\"62933267\" data-element_type=\"column\" data-e-type=\"column\">\n\t\t\t<div class=\"elementor-widget-wrap elementor-element-populated\">\n\t\t\t\t\t\t<div class=\"elementor-element elementor-element-5f1c8384 elementor-widget elementor-widget-text-editor\" data-id=\"5f1c8384\" data-element_type=\"widget\" data-e-type=\"widget\" data-widget_type=\"text-editor.default\">\n\t\t\t\t<div class=\"elementor-widget-container\">\n\t\t\t\t\t\t\t\t\t<p>This policy aims to clearly and unambiguously indicate the commitment of the company LLC \"\u010cIKOM\" Podgorica, to continuously implement and improve its business in accordance with the requirements of international standards: ISO 9001: 2015 (Quality Management System), ISO \/ IEC 27001: 2013 (Information Security Management System) and ISO \/ IEC 20000-1: 2011 (Service Management System). <span class=\"elementor-icon-list-text\">ISO\/IEC 27701:2019 and<\/span><span class=\"elementor-icon-list-text\"> ISO\/IEC 27001:2022 (Dizajn i razvoj softvera, ra\u010dunarski in\u017eenjering, konsalting, prodaja i odr\u017eavanje IT opreme i usluga.)<\/span><\/p><div class=\"elementor elementor-251 elementor-location-footer\" data-elementor-type=\"footer\" data-elementor-id=\"251\" data-elementor-post-type=\"elementor_library\"><section class=\"elementor-section elementor-top-section elementor-element elementor-element-513a18a elementor-section-full_width elementor-section-height-default elementor-section-height-default\" data-id=\"513a18a\" data-element_type=\"section\" data-settings=\"{&quot;background_background&quot;:&quot;classic&quot;}\"><div class=\"elementor-container elementor-column-gap-default\"><div class=\"elementor-column elementor-col-100 elementor-top-column elementor-element elementor-element-bdb6240\" data-id=\"bdb6240\" data-element_type=\"column\"><div class=\"elementor-widget-wrap elementor-element-populated\"><div class=\"elementor-element elementor-element-fe93a33 elementor-widget-divider--view-line elementor-widget elementor-widget-divider\" data-id=\"fe93a33\" data-element_type=\"widget\" data-widget_type=\"divider.default\"><div class=\"elementor-widget-container\"><div class=\"elementor-divider\">\u00a0<\/div><\/div><\/div><\/div><\/div><\/div><\/section><\/div>\t\t\t\t\t\t\t\t<\/div>\n\t\t\t\t<\/div>\n\t\t\t\t<div class=\"elementor-element elementor-element-cc0a528 elementor-widget elementor-widget-text-editor\" data-id=\"cc0a528\" data-element_type=\"widget\" data-e-type=\"widget\" data-widget_type=\"text-editor.default\">\n\t\t\t\t<div class=\"elementor-widget-container\">\n\t\t\t\t\t\t\t\t\t<p>High commitment to meeting these standards, setting goals that are in line with them and the participation of all employees in meeting them, contributes to business, resulting in products and services that are in line with the requirements of our customers and all parties involved, both internal and external, in an environment characterized by a high level of information security, which together forms the basis from which the strategic goals of our company arise.<\/p>\n<p>We strive to approach all aspects of our work systematically and to integrate the following principles into our business:<\/p>\t\t\t\t\t\t\t\t<\/div>\n\t\t\t\t<\/div>\n\t\t\t\t\t<\/div>\n\t\t<\/div>\n\t\t\t\t\t<\/div>\n\t\t<\/section>\n\t\t\t\t<div class=\"elementor-element elementor-element-94f2c25 elementor-widget elementor-widget-text-editor\" data-id=\"94f2c25\" data-element_type=\"widget\" data-e-type=\"widget\" data-widget_type=\"text-editor.default\">\n\t\t\t\t<div class=\"elementor-widget-container\">\n\t\t\t\t\t\t\t\t\t<ul><li>By offering quality products and services we aim to achieve a high degree of satisfaction of all parties involved by meeting their requirements.<\/li><li>Researching current and future needs and expectations of all parties involved, as well as accepting their relevant suggestions and proposals.<\/li><li>Cutting down costs of business, increasing productivity and profit as a basis for our work that aims to increase effectiveness of all processes on which the company's business is based.<\/li><li>Leadership attitude of the company's management in terms of involving all employees, at all levels, in achieving the company's goals, which overall lead to a high level of compatibility of products and services, as well as a high level of information security, according to the requirements of all parties involved.<\/li><li>Providing favorable conditions for learning, continuous refreshment and improvement of knowledge and professional skills of all employees.<\/li><li>Encouraging teamwork in order to complete tasks in the best way possible.<\/li><li>Planning all business processes and maintaining constant improvements (by measuring and analyzing performance provide the data necessary for changing and improving the processes).<\/li><li>Decision making based on facts (analyzing current state, realizing goals and plans, correcting based on acquired results and monitoring the effects of revised processes).<\/li><li>Good partner relations with suppliers and users (creating and strengthening trust and cooperation)<\/li><li>Information, no matter the form its in, as a primary tool for conducting business, has its value and will be adequately protected.<\/li><li>Confidentiality, integrity and availability of information will, by applying the process of risk management, indicate to all parties involved that the risk is adequately managed inside the company.<\/li><li>Security of information is taken into account when designing processes, information systems and controls.<\/li><\/ul><p>This policy has been approved by the top management of LCC \"Cikom\" Podgorica and provides a framework for further establishment of relevant company goals.<\/p><p>Podgorica, 19.07.2016.<\/p>\t\t\t\t\t\t\t\t<\/div>\n\t\t\t\t<\/div>\n\t\t\t\t<div class=\"elementor-element elementor-element-af4f0a9 elementor-widget elementor-widget-text-editor\" data-id=\"af4f0a9\" data-element_type=\"widget\" data-e-type=\"widget\" data-widget_type=\"text-editor.default\">\n\t\t\t\t<div class=\"elementor-widget-container\">\n\t\t\t\t\t\t\t\t\t<p>CEO<br \/>Vladan Taba\u0161<\/p>\t\t\t\t\t\t\t\t<\/div>\n\t\t\t\t<\/div>\n\t\t\t\t<div class=\"elementor-element elementor-element-38ebfbf elementor-widget elementor-widget-heading\" data-id=\"38ebfbf\" data-element_type=\"widget\" data-e-type=\"widget\" data-widget_type=\"heading.default\">\n\t\t\t\t<div class=\"elementor-widget-container\">\n\t\t\t\t\t<h2 class=\"elementor-heading-title elementor-size-default\">ISO certificates<\/h2>\t\t\t\t<\/div>\n\t\t\t\t<\/div>\n\t\t\t\t<div class=\"elementor-element elementor-element-bd1d8b5 elementor-icon-list--layout-traditional elementor-list-item-link-full_width elementor-widget elementor-widget-icon-list\" data-id=\"bd1d8b5\" data-element_type=\"widget\" data-e-type=\"widget\" data-widget_type=\"icon-list.default\">\n\t\t\t\t<div class=\"elementor-widget-container\">\n\t\t\t\t\t\t\t<ul class=\"elementor-icon-list-items\">\n\t\t\t\t\t\t\t<li class=\"elementor-icon-list-item\">\n\t\t\t\t\t\t\t\t\t\t\t<a href=\"https:\/\/www.cikom.com\/wp-content\/uploads\/2025\/08\/Certificate_Cikom_TUV_ISO-9001-2015_En.pdf\" target=\"_blank\">\n\n\t\t\t\t\t\t\t\t\t\t\t\t<span class=\"elementor-icon-list-icon\">\n\t\t\t\t\t\t\t<i aria-hidden=\"true\" class=\"far fa-file-pdf\"><\/i>\t\t\t\t\t\t<\/span>\n\t\t\t\t\t\t\t\t\t\t<span class=\"elementor-icon-list-text\">EN ISO 9001:2015<\/span>\n\t\t\t\t\t\t\t\t\t\t\t<\/a>\n\t\t\t\t\t\t\t\t\t<\/li>\n\t\t\t\t\t\t\t\t<li class=\"elementor-icon-list-item\">\n\t\t\t\t\t\t\t\t\t\t\t<a href=\"https:\/\/www.cikom.com\/wp-content\/uploads\/2025\/08\/Certificate_Cikom_TUV_ISO-9001-2015_Mne.pdf\">\n\n\t\t\t\t\t\t\t\t\t\t\t\t<span class=\"elementor-icon-list-icon\">\n\t\t\t\t\t\t\t<i aria-hidden=\"true\" class=\"far fa-file-pdf\"><\/i>\t\t\t\t\t\t<\/span>\n\t\t\t\t\t\t\t\t\t\t<span class=\"elementor-icon-list-text\">MNE ISO 9001:2015<\/span>\n\t\t\t\t\t\t\t\t\t\t\t<\/a>\n\t\t\t\t\t\t\t\t\t<\/li>\n\t\t\t\t\t\t\t\t<li class=\"elementor-icon-list-item\">\n\t\t\t\t\t\t\t\t\t\t\t<a href=\"https:\/\/www.cikom.com\/wp-content\/uploads\/2025\/08\/Certificate_Cikom_TUV_ISO_IEC-20000-1-2018_En.pdf\" target=\"_blank\">\n\n\t\t\t\t\t\t\t\t\t\t\t\t<span class=\"elementor-icon-list-icon\">\n\t\t\t\t\t\t\t<i aria-hidden=\"true\" class=\"far fa-file-pdf\"><\/i>\t\t\t\t\t\t<\/span>\n\t\t\t\t\t\t\t\t\t\t<span class=\"elementor-icon-list-text\">EN ISO IEC 20000-1:2018<\/span>\n\t\t\t\t\t\t\t\t\t\t\t<\/a>\n\t\t\t\t\t\t\t\t\t<\/li>\n\t\t\t\t\t\t\t\t<li class=\"elementor-icon-list-item\">\n\t\t\t\t\t\t\t\t\t\t\t<a href=\"https:\/\/www.cikom.com\/wp-content\/uploads\/2025\/08\/Certificate_Cikom_TUV_ISO_IEC-20000-1-2018_Mne.pdf\" target=\"_blank\">\n\n\t\t\t\t\t\t\t\t\t\t\t\t<span class=\"elementor-icon-list-icon\">\n\t\t\t\t\t\t\t<i aria-hidden=\"true\" class=\"far fa-file-pdf\"><\/i>\t\t\t\t\t\t<\/span>\n\t\t\t\t\t\t\t\t\t\t<span class=\"elementor-icon-list-text\">MNE ISO IEC 20000-1:2018<\/span>\n\t\t\t\t\t\t\t\t\t\t\t<\/a>\n\t\t\t\t\t\t\t\t\t<\/li>\n\t\t\t\t\t\t\t\t<li class=\"elementor-icon-list-item\">\n\t\t\t\t\t\t\t\t\t\t\t<a href=\"https:\/\/www.cikom.com\/wp-content\/uploads\/2025\/07\/27701_2019_En.pdf\">\n\n\t\t\t\t\t\t\t\t\t\t\t\t<span class=\"elementor-icon-list-icon\">\n\t\t\t\t\t\t\t<i aria-hidden=\"true\" class=\"far fa-file-pdf\"><\/i>\t\t\t\t\t\t<\/span>\n\t\t\t\t\t\t\t\t\t\t<span class=\"elementor-icon-list-text\">EN ISO\/IEC 27701:2019<\/span>\n\t\t\t\t\t\t\t\t\t\t\t<\/a>\n\t\t\t\t\t\t\t\t\t<\/li>\n\t\t\t\t\t\t\t\t<li class=\"elementor-icon-list-item\">\n\t\t\t\t\t\t\t\t\t\t\t<a href=\"https:\/\/www.cikom.com\/wp-content\/uploads\/2025\/08\/Certificate_Cikom_Rigcert_ISO_IEC-27701_2019_Mne.pdf\">\n\n\t\t\t\t\t\t\t\t\t\t\t\t<span class=\"elementor-icon-list-icon\">\n\t\t\t\t\t\t\t<i aria-hidden=\"true\" class=\"far fa-file-pdf\"><\/i>\t\t\t\t\t\t<\/span>\n\t\t\t\t\t\t\t\t\t\t<span class=\"elementor-icon-list-text\">MNE ISO\/IEC 27701:2019<\/span>\n\t\t\t\t\t\t\t\t\t\t\t<\/a>\n\t\t\t\t\t\t\t\t\t<\/li>\n\t\t\t\t\t\t\t\t<li class=\"elementor-icon-list-item\">\n\t\t\t\t\t\t\t\t\t\t\t<a href=\"https:\/\/www.cikom.com\/wp-content\/uploads\/2025\/07\/cikom_c_eng_27001_25.pdf\">\n\n\t\t\t\t\t\t\t\t\t\t\t\t<span class=\"elementor-icon-list-icon\">\n\t\t\t\t\t\t\t<i aria-hidden=\"true\" class=\"far fa-file-pdf\"><\/i>\t\t\t\t\t\t<\/span>\n\t\t\t\t\t\t\t\t\t\t<span class=\"elementor-icon-list-text\">EN ISO\/IEC 27001:2022<\/span>\n\t\t\t\t\t\t\t\t\t\t\t<\/a>\n\t\t\t\t\t\t\t\t\t<\/li>\n\t\t\t\t\t\t\t\t<li class=\"elementor-icon-list-item\">\n\t\t\t\t\t\t\t\t\t\t\t<a href=\"https:\/\/www.cikom.com\/wp-content\/uploads\/2025\/08\/Certificate_Cikom_TUV_ISO_IEC-27001-2022_Mne.pdf\">\n\n\t\t\t\t\t\t\t\t\t\t\t\t<span class=\"elementor-icon-list-icon\">\n\t\t\t\t\t\t\t<i aria-hidden=\"true\" class=\"far fa-file-pdf\"><\/i>\t\t\t\t\t\t<\/span>\n\t\t\t\t\t\t\t\t\t\t<span class=\"elementor-icon-list-text\">MNE ISO\/IEC 27001:2022<\/span>\n\t\t\t\t\t\t\t\t\t\t\t<\/a>\n\t\t\t\t\t\t\t\t\t<\/li>\n\t\t\t\t\t\t<\/ul>\n\t\t\t\t\t\t<\/div>\n\t\t\t\t<\/div>\n\t\t\t\t\t<\/div>\n\t\t<\/div>\n\t\t\t\t\t<\/div>\n\t\t<\/section>\n\t\t\t\t<\/div>","protected":false},"excerpt":{"rendered":"<p>Politika integrisanog sistema menad\u017ementa \u201cPonudom kvalitetnih proizvoda i usluga posti\u017eemo visok stepen zadovoljstva svih zainteresovanih strana ispunjavanjem njihovih zahtjeva.\u201d Ova politika ima za cilj da na jasan i nedvosmislen na\u010din uka\u017ee na opredijeljenost kompanije DOO \u201c\u010cIKOM\u201c Podgorica, da kontinuirano sprovodi i unapre\u0111uje svoje poslovanje u skladu sa zahtjevima me\u0111unarodnih standarda: ISO 9001:2015 (Sistem menad\u017ementa kvalitetom), [&hellip;]<\/p>\n","protected":false},"author":8,"featured_media":0,"parent":0,"menu_order":0,"comment_status":"closed","ping_status":"closed","template":"elementor_header_footer","meta":{"_monsterinsights_skip_tracking":false,"_monsterinsights_sitenote_active":false,"_monsterinsights_sitenote_note":"","_monsterinsights_sitenote_category":0,"footnotes":""},"class_list":["post-208","page","type-page","status-publish","hentry"],"_links":{"self":[{"href":"https:\/\/www.cikom.com\/en\/wp-json\/wp\/v2\/pages\/208","targetHints":{"allow":["GET"]}}],"collection":[{"href":"https:\/\/www.cikom.com\/en\/wp-json\/wp\/v2\/pages"}],"about":[{"href":"https:\/\/www.cikom.com\/en\/wp-json\/wp\/v2\/types\/page"}],"author":[{"embeddable":true,"href":"https:\/\/www.cikom.com\/en\/wp-json\/wp\/v2\/users\/8"}],"replies":[{"embeddable":true,"href":"https:\/\/www.cikom.com\/en\/wp-json\/wp\/v2\/comments?post=208"}],"version-history":[{"count":110,"href":"https:\/\/www.cikom.com\/en\/wp-json\/wp\/v2\/pages\/208\/revisions"}],"predecessor-version":[{"id":3270,"href":"https:\/\/www.cikom.com\/en\/wp-json\/wp\/v2\/pages\/208\/revisions\/3270"}],"wp:attachment":[{"href":"https:\/\/www.cikom.com\/en\/wp-json\/wp\/v2\/media?parent=208"}],"curies":[{"name":"wp","href":"https:\/\/api.w.org\/{rel}","templated":true}]}}