{"id":1966,"date":"2021-03-05T12:10:30","date_gmt":"2021-03-05T11:10:30","guid":{"rendered":"https:\/\/www.cikom.com\/?page_id=1966"},"modified":"2021-03-08T10:54:43","modified_gmt":"2021-03-08T09:54:43","slug":"politika-kolacica","status":"publish","type":"page","link":"https:\/\/www.cikom.com\/en\/politika-kolacica\/","title":{"rendered":"Cookie policy"},"content":{"rendered":"<div data-elementor-type=\"wp-page\" data-elementor-id=\"1966\" class=\"elementor elementor-1966\" data-elementor-post-type=\"page\">\n\t\t\t\t\t\t<section class=\"elementor-section elementor-top-section elementor-element elementor-element-cfccb2c elementor-section-boxed elementor-section-height-default elementor-section-height-default\" data-id=\"cfccb2c\" data-element_type=\"section\" data-e-type=\"section\">\n\t\t\t\t\t\t<div class=\"elementor-container elementor-column-gap-default\">\n\t\t\t\t\t<div class=\"elementor-column elementor-col-100 elementor-top-column elementor-element elementor-element-74c4c3a\" data-id=\"74c4c3a\" data-element_type=\"column\" data-e-type=\"column\">\n\t\t\t<div class=\"elementor-widget-wrap elementor-element-populated\">\n\t\t\t\t\t\t<div class=\"elementor-element elementor-element-9770768 elementor-widget elementor-widget-heading\" data-id=\"9770768\" data-element_type=\"widget\" data-e-type=\"widget\" data-widget_type=\"heading.default\">\n\t\t\t\t<div class=\"elementor-widget-container\">\n\t\t\t\t\t<h2 class=\"elementor-heading-title elementor-size-default\">Cookie policy<\/h2>\t\t\t\t<\/div>\n\t\t\t\t<\/div>\n\t\t\t\t<div class=\"elementor-element elementor-element-6f9039e elementor-widget elementor-widget-text-editor\" data-id=\"6f9039e\" data-element_type=\"widget\" data-e-type=\"widget\" data-widget_type=\"text-editor.default\">\n\t\t\t\t<div class=\"elementor-widget-container\">\n\t\t\t\t\t\t\t\t\t<p>Ovdje mo\u017eete prona\u0107i informacije o kola\u010di\u0107ima koje koristimo na na\u0161em sajtu.<\/p>\t\t\t\t\t\t\t\t<\/div>\n\t\t\t\t<\/div>\n\t\t\t\t<div class=\"elementor-element elementor-element-84fa220 elementor-widget elementor-widget-heading\" data-id=\"84fa220\" data-element_type=\"widget\" data-e-type=\"widget\" data-widget_type=\"heading.default\">\n\t\t\t\t<div class=\"elementor-widget-container\">\n\t\t\t\t\t<h2 class=\"elementor-heading-title elementor-size-default\">\u0160ta su kola\u010di\u0107i?<\/h2>\t\t\t\t<\/div>\n\t\t\t\t<\/div>\n\t\t\t\t<div class=\"elementor-element elementor-element-41432c4 elementor-widget elementor-widget-text-editor\" data-id=\"41432c4\" data-element_type=\"widget\" data-e-type=\"widget\" data-widget_type=\"text-editor.default\">\n\t\t\t\t<div class=\"elementor-widget-container\">\n\t\t\t\t\t\t\t\t\t<p>Kola\u010di\u0107i su mali dijelovi podataka, sa\u010duvani u tekstualnim datotekama, koji se \u010duvaju na va\u0161em ra\u010dunaru ili drugom ure\u0111aju kada se web stranice u\u010ditavaju u pretra\u017eiva\u010du. Oni se \u0161iroko koriste za \u201epam\u0107enje\u201c vas i va\u0161ih preferencija, bilo za jednu posjetu (putem \u201ekola\u010di\u0107a sesije\u201c) ili za vi\u0161e ponovljenih posjeta (upotrebom \u201etrajnog kola\u010di\u0107a\u201c). Oni osiguravaju konzistentno i efikasno iskustvo za posjetioce i obavljaju osnovne funkcije, poput omogu\u0107avanja korisnicima da se registriraju i ostanu prijavljeni. Kola\u010di\u0107e mo\u017ee postaviti web stranica koju posje\u0107ujete (poznata kao \u201ekola\u010di\u0107i prve strane\u201c) ili tre\u0107e strane , poput onih koji na web stranici plasiraju sadr\u017eaj ili pru\u017eaju usluge ogla\u0161avanja ili analitike (\u201ekola\u010di\u0107i tre\u0107e strane\u201c).<\/p>\t\t\t\t\t\t\t\t<\/div>\n\t\t\t\t<\/div>\n\t\t\t\t<div class=\"elementor-element elementor-element-29f132b elementor-widget elementor-widget-heading\" data-id=\"29f132b\" data-element_type=\"widget\" data-e-type=\"widget\" data-widget_type=\"heading.default\">\n\t\t\t\t<div class=\"elementor-widget-container\">\n\t\t\t\t\t<h2 class=\"elementor-heading-title elementor-size-default\">Kola\u010di\u0107i koje koristimo:<\/h2>\t\t\t\t<\/div>\n\t\t\t\t<\/div>\n\t\t\t\t<div class=\"elementor-element elementor-element-e49105f elementor-widget elementor-widget-heading\" data-id=\"e49105f\" data-element_type=\"widget\" data-e-type=\"widget\" data-widget_type=\"heading.default\">\n\t\t\t\t<div class=\"elementor-widget-container\">\n\t\t\t\t\t<h2 class=\"elementor-heading-title elementor-size-default\">Neophodni kola\u010di\u0107i<\/h2>\t\t\t\t<\/div>\n\t\t\t\t<\/div>\n\t\t\t\t<div class=\"elementor-element elementor-element-ed205e0 elementor-widget elementor-widget-text-editor\" data-id=\"ed205e0\" data-element_type=\"widget\" data-e-type=\"widget\" data-widget_type=\"text-editor.default\">\n\t\t\t\t<div class=\"elementor-widget-container\">\n\t\t\t\t\t\t\t\t\t<p>Neophodni kola\u010di\u0107i su esencijalni za funkcionisanje web stranice. Ovi kola\u010di\u0107i anonimno osiguravaju osnovne funkcionalnosti i sigurnosne karakteristike web stranice.<\/p>\t\t\t\t\t\t\t\t<\/div>\n\t\t\t\t<\/div>\n\t\t\t\t<div class=\"elementor-element elementor-element-63f8d0a elementor-widget elementor-widget-heading\" data-id=\"63f8d0a\" data-element_type=\"widget\" data-e-type=\"widget\" data-widget_type=\"heading.default\">\n\t\t\t\t<div class=\"elementor-widget-container\">\n\t\t\t\t\t<h2 class=\"elementor-heading-title elementor-size-default\">Analiti\u010dki kola\u010di\u0107i<\/h2>\t\t\t\t<\/div>\n\t\t\t\t<\/div>\n\t\t\t\t<div class=\"elementor-element elementor-element-7b3d60b elementor-widget elementor-widget-text-editor\" data-id=\"7b3d60b\" data-element_type=\"widget\" data-e-type=\"widget\" data-widget_type=\"text-editor.default\">\n\t\t\t\t<div class=\"elementor-widget-container\">\n\t\t\t\t\t\t\t\t\t<p>Analiti\u010dki kola\u010dic\u0301i se koriste da bi se razumjelo kako posjetioci komuniciraju sa web stranicom. Ovi kola\u010dic\u0301i poma\u017eu u pru\u017eanju informacija o metrici, broju posjetilaca, stopi posjete samo jedne stranice, izvoru saobrac\u0301aja itd.<\/p>\t\t\t\t\t\t\t\t<\/div>\n\t\t\t\t<\/div>\n\t\t\t\t<div class=\"elementor-element elementor-element-720fd73 elementor-widget elementor-widget-heading\" data-id=\"720fd73\" data-element_type=\"widget\" data-e-type=\"widget\" data-widget_type=\"heading.default\">\n\t\t\t\t<div class=\"elementor-widget-container\">\n\t\t\t\t\t<h2 class=\"elementor-heading-title elementor-size-default\">Google Analytics<\/h2>\t\t\t\t<\/div>\n\t\t\t\t<\/div>\n\t\t\t\t<div class=\"elementor-element elementor-element-f7fd0d4 elementor-tabs-view-horizontal elementor-widget elementor-widget-tabs\" data-id=\"f7fd0d4\" data-element_type=\"widget\" data-e-type=\"widget\" data-widget_type=\"tabs.default\">\n\t\t\t\t<div class=\"elementor-widget-container\">\n\t\t\t\t\t\t\t<div class=\"elementor-tabs\">\n\t\t\t<div class=\"elementor-tabs-wrapper\" role=\"tablist\" >\n\t\t\t\t\t\t\t\t\t<div id=\"elementor-tab-title-2601\" class=\"elementor-tab-title elementor-tab-desktop-title\" aria-selected=\"true\" data-tab=\"1\" role=\"tab\" tabindex=\"0\" aria-controls=\"elementor-tab-content-2601\" aria-expanded=\"false\">_gat<\/div>\n\t\t\t\t\t\t\t\t\t<div id=\"elementor-tab-title-2602\" class=\"elementor-tab-title elementor-tab-desktop-title\" aria-selected=\"false\" data-tab=\"2\" role=\"tab\" tabindex=\"-1\" aria-controls=\"elementor-tab-content-2602\" aria-expanded=\"false\">_ga<\/div>\n\t\t\t\t\t\t\t\t\t<div id=\"elementor-tab-title-2603\" class=\"elementor-tab-title elementor-tab-desktop-title\" aria-selected=\"false\" data-tab=\"3\" role=\"tab\" tabindex=\"-1\" aria-controls=\"elementor-tab-content-2603\" aria-expanded=\"false\">_gid<\/div>\n\t\t\t\t\t\t\t<\/div>\n\t\t\t<div class=\"elementor-tabs-content-wrapper\" role=\"tablist\" aria-orientation=\"vertical\">\n\t\t\t\t\t\t\t\t\t<div class=\"elementor-tab-title elementor-tab-mobile-title\" aria-selected=\"true\" data-tab=\"1\" role=\"tab\" tabindex=\"0\" aria-controls=\"elementor-tab-content-2601\" aria-expanded=\"false\">_gat<\/div>\n\t\t\t\t\t<div id=\"elementor-tab-content-2601\" class=\"elementor-tab-content elementor-clearfix\" data-tab=\"1\" role=\"tabpanel\" aria-labelledby=\"elementor-tab-title-2601\" tabindex=\"0\" hidden=\"false\"><p><span class=\"elementor-icon-list-text elementor-inline-editing pen\" contenteditable=\"true\" data-elementor-setting-key=\"icon_list.0.text\" data-pen-placeholder=\"Type Here...\">Kola\u010di\u0107 koji Google koristi za limitiranje broja zahtjeva &#8211; period \u010duvanja: 1 minut<br \/><\/span><\/p><\/div>\n\t\t\t\t\t\t\t\t\t<div class=\"elementor-tab-title elementor-tab-mobile-title\" aria-selected=\"false\" data-tab=\"2\" role=\"tab\" tabindex=\"-1\" aria-controls=\"elementor-tab-content-2602\" aria-expanded=\"false\">_ga<\/div>\n\t\t\t\t\t<div id=\"elementor-tab-content-2602\" class=\"elementor-tab-content elementor-clearfix\" data-tab=\"2\" role=\"tabpanel\" aria-labelledby=\"elementor-tab-title-2602\" tabindex=\"0\" hidden=\"hidden\"><p><span class=\"elementor-icon-list-text elementor-inline-editing pen\" contenteditable=\"true\" data-elementor-setting-key=\"icon_list.1.text\" data-pen-placeholder=\"Type Here...\">Kola\u010di\u0107 koji se koristi za razlikovanje korisnika &#8211; period \u010duvanja: 2 godine<br \/><\/span><\/p><\/div>\n\t\t\t\t\t\t\t\t\t<div class=\"elementor-tab-title elementor-tab-mobile-title\" aria-selected=\"false\" data-tab=\"3\" role=\"tab\" tabindex=\"-1\" aria-controls=\"elementor-tab-content-2603\" aria-expanded=\"false\">_gid<\/div>\n\t\t\t\t\t<div id=\"elementor-tab-content-2603\" class=\"elementor-tab-content elementor-clearfix\" data-tab=\"3\" role=\"tabpanel\" aria-labelledby=\"elementor-tab-title-2603\" tabindex=\"0\" hidden=\"hidden\"><p><span class=\"elementor-icon-list-text elementor-inline-editing pen\" contenteditable=\"true\" data-elementor-setting-key=\"icon_list.1.text\" data-pen-placeholder=\"Type Here...\">Kola\u010di\u0107 koji se koristi za razlikovanje korisnika &#8211; period \u010duvanja: 24 sata<br \/><\/span><\/p><\/div>\n\t\t\t\t\t\t\t<\/div>\n\t\t<\/div>\n\t\t\t\t\t\t<\/div>\n\t\t\t\t<\/div>\n\t\t\t\t<div class=\"elementor-element elementor-element-0331f5c elementor-widget elementor-widget-heading\" data-id=\"0331f5c\" data-element_type=\"widget\" data-e-type=\"widget\" data-widget_type=\"heading.default\">\n\t\t\t\t<div class=\"elementor-widget-container\">\n\t\t\t\t\t<h2 class=\"elementor-heading-title elementor-size-default\">Kori\u0161\u0107enje pretra\u017eiva\u010da<\/h2>\t\t\t\t<\/div>\n\t\t\t\t<\/div>\n\t\t\t\t<div class=\"elementor-element elementor-element-190598c elementor-widget elementor-widget-text-editor\" data-id=\"190598c\" data-element_type=\"widget\" data-e-type=\"widget\" data-widget_type=\"text-editor.default\">\n\t\t\t\t<div class=\"elementor-widget-container\">\n\t\t\t\t\t\t\t\t\t<p>Kola\u010di\u0107i koje koristimo na web stranici tako\u0111e mogu biti uga\u0161eni ili upaljeni putem pretra\u017eiva\u010da koji koristite da biste pristupili web stranici.<\/p><p>Kako da obri\u0161em kola\u010di\u0107e? Klikom na link mo\u017eete na\u0107i uputstva za va\u0161 pretra\u017eiva\u010d:<\/p><p><a href=\"https:\/\/support.google.com\/accounts\/answer\/32050?co=GENIE.Platform%3DDesktop&amp;hl=sr&amp;oco=1\">Google Chrome<\/a><\/p><p><a href=\"https:\/\/support.mozilla.org\/sr\/kb\/brisae-kolachi\">Mozilla Firefox<\/a><\/p><p><a href=\"https:\/\/support.apple.com\/hr-hr\/HT201265\">Apple Safari<\/a><\/p><p>\u00a0<\/p>\t\t\t\t\t\t\t\t<\/div>\n\t\t\t\t<\/div>\n\t\t\t\t\t<\/div>\n\t\t<\/div>\n\t\t\t\t\t<\/div>\n\t\t<\/section>\n\t\t\t\t<\/div>","protected":false},"excerpt":{"rendered":"<p>Politika kola\u010di\u0107a Ovdje mo\u017eete prona\u0107i informacije o kola\u010di\u0107ima koje koristimo na na\u0161em sajtu. \u0160ta su kola\u010di\u0107i? Kola\u010di\u0107i su mali dijelovi podataka, sa\u010duvani u tekstualnim datotekama, koji se \u010duvaju na va\u0161em ra\u010dunaru ili drugom ure\u0111aju kada se web stranice u\u010ditavaju u pretra\u017eiva\u010du. Oni se \u0161iroko koriste za \u201epam\u0107enje\u201c vas i va\u0161ih preferencija, bilo za jednu posjetu [&hellip;]<\/p>\n","protected":false},"author":8,"featured_media":0,"parent":0,"menu_order":0,"comment_status":"closed","ping_status":"closed","template":"","meta":{"_monsterinsights_skip_tracking":false,"_monsterinsights_sitenote_active":false,"_monsterinsights_sitenote_note":"","_monsterinsights_sitenote_category":0,"footnotes":""},"class_list":["post-1966","page","type-page","status-publish","hentry"],"_links":{"self":[{"href":"https:\/\/www.cikom.com\/en\/wp-json\/wp\/v2\/pages\/1966","targetHints":{"allow":["GET"]}}],"collection":[{"href":"https:\/\/www.cikom.com\/en\/wp-json\/wp\/v2\/pages"}],"about":[{"href":"https:\/\/www.cikom.com\/en\/wp-json\/wp\/v2\/types\/page"}],"author":[{"embeddable":true,"href":"https:\/\/www.cikom.com\/en\/wp-json\/wp\/v2\/users\/8"}],"replies":[{"embeddable":true,"href":"https:\/\/www.cikom.com\/en\/wp-json\/wp\/v2\/comments?post=1966"}],"version-history":[{"count":13,"href":"https:\/\/www.cikom.com\/en\/wp-json\/wp\/v2\/pages\/1966\/revisions"}],"predecessor-version":[{"id":1986,"href":"https:\/\/www.cikom.com\/en\/wp-json\/wp\/v2\/pages\/1966\/revisions\/1986"}],"wp:attachment":[{"href":"https:\/\/www.cikom.com\/en\/wp-json\/wp\/v2\/media?parent=1966"}],"curies":[{"name":"wp","href":"https:\/\/api.w.org\/{rel}","templated":true}]}}